{"id":8,"date":"2015-08-21T10:17:49","date_gmt":"2015-08-21T10:17:49","guid":{"rendered":"http:\/\/cooperationlentillykouila.org\/?page_id=8"},"modified":"2016-02-13T09:41:41","modified_gmt":"2016-02-13T09:41:41","slug":"les-femmes","status":"publish","type":"page","link":"https:\/\/cooperationlentillykouila.org\/?page_id=8","title":{"rendered":"La case des femmes"},"content":{"rendered":"<p>La femme est un acteur cl\u00e9 du d\u00e9veloppement. La Coop\u00e9ration Lentilly Kouila soutient les femmes \u00e0 travers diff\u00e9rentes actions.Il y a plus de vingt ans, le comit\u00e9 a pris en charge la r\u00e9fection d\u2019un b\u00e2timent d\u00e9labr\u00e9 et abandonn\u00e9 pour le mettre \u00e0 la disposition des femmes. De mani\u00e8re parall\u00e8le, une association des femmes a \u00e9t\u00e9 cr\u00e9\u00e9e. La case des femmes a pour vocation la rencontre et la formation des femmes \u00e0 diverses activit\u00e9s.<br \/>\n&nbsp;<\/p>\n<h6>La formation<\/h6>\n<p>Trois m\u00e9tiers \u00e0 tisser et\u00a0 2 machines \u00e0 coudre y sont \u00e0 demeure. Ce mat\u00e9riel a pour objet de servir\u00a0 \u00e0 la formation de tisseuses et de couturi\u00e8re. A la demande des femmes plusieurs formations ont \u00e9t\u00e9 mises en place : fabrication de savon, fabrication de foyer am\u00e9lior\u00e9 (le foyer am\u00e9lior\u00e9 a pour but l\u2019utilisation d\u2019une moins grande quantit\u00e9 de bois). Les femmes d\u00e9j\u00e0 form\u00e9es peuvent ensuite transmettre leur savoir dans des ateliers d\u00e9di\u00e9s.<br \/>\n&nbsp;<br \/>\n<a href=\"http:\/\/cooperationlentillykouila.org\/wp-content\/uploads\/2015\/08\/IMG_1685.jpg\" rel=\"attachment wp-att-348\"><img loading=\"lazy\" decoding=\"async\" class=\"aligncenter wp-image-348 size-medium\" src=\"http:\/\/cooperationlentillykouila.org\/wp-content\/uploads\/2015\/08\/IMG_1685-632x474.jpg\" alt=\"IMG_1685\" width=\"632\" height=\"474\" \/><\/a><br \/>\n&nbsp;<\/p>\n<h6>Le financement du micro cr\u00e9dit.<\/h6>\n<p>La case des femmes sert \u00e9galement de d\u00e9p\u00f4t pour la vente d\u2019articles amen\u00e9s par les amis de Kouila. Des livres, du mat\u00e9riel de sport ou des v\u00eatements destin\u00e9s aux enfants et aux adolescents sont ensuite vendus aux villageois de Kouila pour des sommes modestes. Les recettes permettent de financer une activit\u00e9 de micro-cr\u00e9dit pour les femmes qui en font la demande. Chaque femme doit faire part de son projet. Le micro-credit est ensuite attribu\u00e9 pour 6 mois. Il a \u00e9t\u00e9 mis en place en 2013 et \u00e0 ce jour environ 150 femmes en ont b\u00e9n\u00e9fici\u00e9.<\/p>\n<h5><a href=\"http:\/\/cooperationlentillykouila.org\/wp-content\/uploads\/2015\/08\/photo-2-1.jpg\" rel=\"attachment wp-att-347\"><img loading=\"lazy\" decoding=\"async\" class=\"aligncenter wp-image-347 size-medium\" src=\"http:\/\/cooperationlentillykouila.org\/wp-content\/uploads\/2015\/08\/photo-2-1-632x472.jpg\" alt=\"photo 2\" width=\"632\" height=\"472\" srcset=\"https:\/\/cooperationlentillykouila.org\/wp-content\/uploads\/2015\/08\/photo-2-1-632x472.jpg 632w, https:\/\/cooperationlentillykouila.org\/wp-content\/uploads\/2015\/08\/photo-2-1.jpg 640w\" sizes=\"auto, (max-width: 632px) 100vw, 632px\" \/><\/a><\/h5>\n<h5><\/h5>\n<p>&nbsp;<\/p>\n<h6>Les jardins des femmes<\/h6>\n<p>En 2015, de nouvelles parcelles de mara\u00eechage ont \u00e9t\u00e9 mises en place. Pour la premi\u00e8re fois, plus de cinquante femmes en ont b\u00e9n\u00e9fici\u00e9. Le comit\u00e9 accompagne la cr\u00e9ation de ces jardins en en aidant \u00e0 l\u2019irrigation des parcelles concern\u00e9es, en finan\u00e7ant une formation destin\u00e9e \u00e0 produire une production bio et en aidant au d\u00e9frichage de ces terrains difficiles. Les micro credits allou\u00e9s en 2016 sont, en priorit\u00e9, destin\u00e9s aux femmes \u00ab jardiniers\u00bb.<br \/>\n&nbsp;<br \/>\n<a href=\"http:\/\/cooperationlentillykouila.org\/wp-content\/uploads\/2015\/08\/photo-1.jpg\" rel=\"attachment wp-att-281\"><img loading=\"lazy\" decoding=\"async\" class=\"aligncenter wp-image-281 size-full\" src=\"http:\/\/cooperationlentillykouila.org\/wp-content\/uploads\/2015\/08\/photo-1.jpg\" alt=\"photo\" width=\"640\" height=\"428\" \/><\/a><\/p>\n<p>D\u00e9couvrez \u00e9galement les actions pour <a href=\"http:\/\/cooperationlentillykouila.org\/?page_id=03\">le barrage et les jardins<\/a> et pour le <a href=\"http:\/\/cooperationlentillykouila.org\/?page_id=06\">d\u00e9veloppement scolaire<\/a>.<\/p>\n<p>Ces actions vous int\u00e9ressent ? Vous souhaitez nous accompagner d\u2019une fa\u00e7on ou d\u2019une autre ? Rendez-vous dans la rubrique <a href=\"http:\/\/cooperationlentillykouila.org\/?page_id=56\">Participez !<\/a><\/p>\n","protected":false},"excerpt":{"rendered":"<p>La femme est un acteur cl\u00e9 du d\u00e9veloppement. La Coop\u00e9ration Lentilly Kouila soutient les femmes \u00e0 travers diff\u00e9rentes actions.Il y a plus de vingt ans, le comit\u00e9 a pris en charge la r\u00e9fection d\u2019un b\u00e2timent [&hellip;]<\/p>\n","protected":false},"author":1,"featured_media":346,"parent":10,"menu_order":0,"comment_status":"closed","ping_status":"closed","template":"page-fullwidth.php","meta":{"_acf_changed":false,"footnotes":""},"class_list":["post-8","page","type-page","status-publish","has-post-thumbnail","hentry"],"acf":[],"yoast_head":"<!-- This site is optimized with the Yoast SEO plugin v27.3 - https:\/\/yoast.com\/product\/yoast-seo-wordpress\/ -->\n<title>La case des femmes - Coop\u00e9ration Lentilly Kouila<\/title>\n<meta name=\"robots\" content=\"index, follow, max-snippet:-1, max-image-preview:large, max-video-preview:-1\" \/>\n<link rel=\"canonical\" href=\"https:\/\/cooperationlentillykouila.org\/?page_id=8\" \/>\n<meta property=\"og:locale\" content=\"fr_FR\" \/>\n<meta property=\"og:type\" content=\"article\" \/>\n<meta property=\"og:title\" content=\"La case des femmes - Coop\u00e9ration Lentilly Kouila\" \/>\n<meta property=\"og:description\" content=\"La femme est un acteur cl\u00e9 du d\u00e9veloppement. La Coop\u00e9ration Lentilly Kouila soutient les femmes \u00e0 travers diff\u00e9rentes actions.Il y a plus de vingt ans, le comit\u00e9 a pris en charge la r\u00e9fection d\u2019un b\u00e2timent [&hellip;]\" \/>\n<meta property=\"og:url\" content=\"https:\/\/cooperationlentillykouila.org\/?page_id=8\" \/>\n<meta property=\"og:site_name\" content=\"Coop\u00e9ration Lentilly Kouila\" \/>\n<meta property=\"article:modified_time\" content=\"2016-02-13T09:41:41+00:00\" \/>\n<meta property=\"og:image\" content=\"https:\/\/cooperationlentillykouila.org\/wp-content\/uploads\/2015\/08\/P1060980-e1455107929248.jpg\" \/>\n\t<meta property=\"og:image:width\" content=\"1280\" \/>\n\t<meta property=\"og:image:height\" content=\"665\" \/>\n\t<meta property=\"og:image:type\" content=\"image\/jpeg\" \/>\n<meta name=\"twitter:card\" content=\"summary_large_image\" \/>\n<meta name=\"twitter:label1\" content=\"Dur\u00e9e de lecture est.\" \/>\n\t<meta name=\"twitter:data1\" content=\"2 minutes\" \/>\n<script type=\"application\/ld+json\" class=\"yoast-schema-graph\">{\"@context\":\"https:\\\/\\\/schema.org\",\"@graph\":[{\"@type\":\"WebPage\",\"@id\":\"https:\\\/\\\/cooperationlentillykouila.org\\\/?page_id=8\",\"url\":\"https:\\\/\\\/cooperationlentillykouila.org\\\/?page_id=8\",\"name\":\"La case des femmes - Coop\u00e9ration Lentilly Kouila\",\"isPartOf\":{\"@id\":\"https:\\\/\\\/cooperationlentillykouila.org\\\/#website\"},\"primaryImageOfPage\":{\"@id\":\"https:\\\/\\\/cooperationlentillykouila.org\\\/?page_id=8#primaryimage\"},\"image\":{\"@id\":\"https:\\\/\\\/cooperationlentillykouila.org\\\/?page_id=8#primaryimage\"},\"thumbnailUrl\":\"https:\\\/\\\/cooperationlentillykouila.org\\\/wp-content\\\/uploads\\\/2015\\\/08\\\/P1060980-e1455107929248.jpg\",\"datePublished\":\"2015-08-21T10:17:49+00:00\",\"dateModified\":\"2016-02-13T09:41:41+00:00\",\"breadcrumb\":{\"@id\":\"https:\\\/\\\/cooperationlentillykouila.org\\\/?page_id=8#breadcrumb\"},\"inLanguage\":\"fr-BE\",\"potentialAction\":[{\"@type\":\"ReadAction\",\"target\":[\"https:\\\/\\\/cooperationlentillykouila.org\\\/?page_id=8\"]}]},{\"@type\":\"ImageObject\",\"inLanguage\":\"fr-BE\",\"@id\":\"https:\\\/\\\/cooperationlentillykouila.org\\\/?page_id=8#primaryimage\",\"url\":\"https:\\\/\\\/cooperationlentillykouila.org\\\/wp-content\\\/uploads\\\/2015\\\/08\\\/P1060980-e1455107929248.jpg\",\"contentUrl\":\"https:\\\/\\\/cooperationlentillykouila.org\\\/wp-content\\\/uploads\\\/2015\\\/08\\\/P1060980-e1455107929248.jpg\",\"width\":1280,\"height\":665},{\"@type\":\"BreadcrumbList\",\"@id\":\"https:\\\/\\\/cooperationlentillykouila.org\\\/?page_id=8#breadcrumb\",\"itemListElement\":[{\"@type\":\"ListItem\",\"position\":1,\"name\":\"Home\",\"item\":\"https:\\\/\\\/cooperationlentillykouila.org\\\/\"},{\"@type\":\"ListItem\",\"position\":2,\"name\":\"Les actions\",\"item\":\"https:\\\/\\\/cooperationlentillykouila.org\\\/?page_id=10\"},{\"@type\":\"ListItem\",\"position\":3,\"name\":\"La case des femmes\"}]},{\"@type\":\"WebSite\",\"@id\":\"https:\\\/\\\/cooperationlentillykouila.org\\\/#website\",\"url\":\"https:\\\/\\\/cooperationlentillykouila.org\\\/\",\"name\":\"Coop\u00e9ration Lentilly Kouila\",\"description\":\"\",\"potentialAction\":[{\"@type\":\"SearchAction\",\"target\":{\"@type\":\"EntryPoint\",\"urlTemplate\":\"https:\\\/\\\/cooperationlentillykouila.org\\\/?s={search_term_string}\"},\"query-input\":{\"@type\":\"PropertyValueSpecification\",\"valueRequired\":true,\"valueName\":\"search_term_string\"}}],\"inLanguage\":\"fr-BE\"}]}<\/script>\n<!-- \/ Yoast SEO plugin. -->","yoast_head_json":{"title":"La case des femmes - Coop\u00e9ration Lentilly Kouila","robots":{"index":"index","follow":"follow","max-snippet":"max-snippet:-1","max-image-preview":"max-image-preview:large","max-video-preview":"max-video-preview:-1"},"canonical":"https:\/\/cooperationlentillykouila.org\/?page_id=8","og_locale":"fr_FR","og_type":"article","og_title":"La case des femmes - Coop\u00e9ration Lentilly Kouila","og_description":"La femme est un acteur cl\u00e9 du d\u00e9veloppement. La Coop\u00e9ration Lentilly Kouila soutient les femmes \u00e0 travers diff\u00e9rentes actions.Il y a plus de vingt ans, le comit\u00e9 a pris en charge la r\u00e9fection d\u2019un b\u00e2timent [&hellip;]","og_url":"https:\/\/cooperationlentillykouila.org\/?page_id=8","og_site_name":"Coop\u00e9ration Lentilly Kouila","article_modified_time":"2016-02-13T09:41:41+00:00","og_image":[{"width":1280,"height":665,"url":"https:\/\/cooperationlentillykouila.org\/wp-content\/uploads\/2015\/08\/P1060980-e1455107929248.jpg","type":"image\/jpeg"}],"twitter_card":"summary_large_image","twitter_misc":{"Dur\u00e9e de lecture est.":"2 minutes"},"schema":{"@context":"https:\/\/schema.org","@graph":[{"@type":"WebPage","@id":"https:\/\/cooperationlentillykouila.org\/?page_id=8","url":"https:\/\/cooperationlentillykouila.org\/?page_id=8","name":"La case des femmes - Coop\u00e9ration Lentilly Kouila","isPartOf":{"@id":"https:\/\/cooperationlentillykouila.org\/#website"},"primaryImageOfPage":{"@id":"https:\/\/cooperationlentillykouila.org\/?page_id=8#primaryimage"},"image":{"@id":"https:\/\/cooperationlentillykouila.org\/?page_id=8#primaryimage"},"thumbnailUrl":"https:\/\/cooperationlentillykouila.org\/wp-content\/uploads\/2015\/08\/P1060980-e1455107929248.jpg","datePublished":"2015-08-21T10:17:49+00:00","dateModified":"2016-02-13T09:41:41+00:00","breadcrumb":{"@id":"https:\/\/cooperationlentillykouila.org\/?page_id=8#breadcrumb"},"inLanguage":"fr-BE","potentialAction":[{"@type":"ReadAction","target":["https:\/\/cooperationlentillykouila.org\/?page_id=8"]}]},{"@type":"ImageObject","inLanguage":"fr-BE","@id":"https:\/\/cooperationlentillykouila.org\/?page_id=8#primaryimage","url":"https:\/\/cooperationlentillykouila.org\/wp-content\/uploads\/2015\/08\/P1060980-e1455107929248.jpg","contentUrl":"https:\/\/cooperationlentillykouila.org\/wp-content\/uploads\/2015\/08\/P1060980-e1455107929248.jpg","width":1280,"height":665},{"@type":"BreadcrumbList","@id":"https:\/\/cooperationlentillykouila.org\/?page_id=8#breadcrumb","itemListElement":[{"@type":"ListItem","position":1,"name":"Home","item":"https:\/\/cooperationlentillykouila.org\/"},{"@type":"ListItem","position":2,"name":"Les actions","item":"https:\/\/cooperationlentillykouila.org\/?page_id=10"},{"@type":"ListItem","position":3,"name":"La case des femmes"}]},{"@type":"WebSite","@id":"https:\/\/cooperationlentillykouila.org\/#website","url":"https:\/\/cooperationlentillykouila.org\/","name":"Coop\u00e9ration Lentilly Kouila","description":"","potentialAction":[{"@type":"SearchAction","target":{"@type":"EntryPoint","urlTemplate":"https:\/\/cooperationlentillykouila.org\/?s={search_term_string}"},"query-input":{"@type":"PropertyValueSpecification","valueRequired":true,"valueName":"search_term_string"}}],"inLanguage":"fr-BE"}]}},"_links":{"self":[{"href":"https:\/\/cooperationlentillykouila.org\/index.php?rest_route=\/wp\/v2\/pages\/8","targetHints":{"allow":["GET"]}}],"collection":[{"href":"https:\/\/cooperationlentillykouila.org\/index.php?rest_route=\/wp\/v2\/pages"}],"about":[{"href":"https:\/\/cooperationlentillykouila.org\/index.php?rest_route=\/wp\/v2\/types\/page"}],"author":[{"embeddable":true,"href":"https:\/\/cooperationlentillykouila.org\/index.php?rest_route=\/wp\/v2\/users\/1"}],"replies":[{"embeddable":true,"href":"https:\/\/cooperationlentillykouila.org\/index.php?rest_route=%2Fwp%2Fv2%2Fcomments&post=8"}],"version-history":[{"count":13,"href":"https:\/\/cooperationlentillykouila.org\/index.php?rest_route=\/wp\/v2\/pages\/8\/revisions"}],"predecessor-version":[{"id":400,"href":"https:\/\/cooperationlentillykouila.org\/index.php?rest_route=\/wp\/v2\/pages\/8\/revisions\/400"}],"up":[{"embeddable":true,"href":"https:\/\/cooperationlentillykouila.org\/index.php?rest_route=\/wp\/v2\/pages\/10"}],"wp:featuredmedia":[{"embeddable":true,"href":"https:\/\/cooperationlentillykouila.org\/index.php?rest_route=\/wp\/v2\/media\/346"}],"wp:attachment":[{"href":"https:\/\/cooperationlentillykouila.org\/index.php?rest_route=%2Fwp%2Fv2%2Fmedia&parent=8"}],"curies":[{"name":"wp","href":"https:\/\/api.w.org\/{rel}","templated":true}]}}