{"id":487,"date":"2018-06-16T20:11:43","date_gmt":"2018-06-16T20:11:43","guid":{"rendered":"http:\/\/cooperationlentillykouila.org\/?page_id=487"},"modified":"2019-03-07T20:06:16","modified_gmt":"2019-03-07T20:06:16","slug":"politique-de-confidentialite","status":"publish","type":"page","link":"https:\/\/cooperationlentillykouila.org\/?page_id=487","title":{"rendered":"Politique de confidentialit\u00e9"},"content":{"rendered":"<h2>Qui sommes-nous\u00a0?<\/h2>\n<p>L\u2019adresse de notre site Web est\u00a0: http:\/\/cooperationlentillykouila.org.<\/p>\n<h2>Utilisation des donn\u00e9es personnelles collect\u00e9es<\/h2>\n<h3>Commentaires<\/h3>\n<p>Quand vous laissez un commentaire sur notre site web, les donn\u00e9es sont inscrites dans le formulaire de commentaire.<\/p>\n<h3>Formulaires de contact<\/h3>\n<h3>Cookies<\/h3>\n<p>Si vous d\u00e9posez un commentaire sur notre site, il vous sera propos\u00e9 d\u2019enregistrer votre nom, adresse de messagerie et site web dans des cookies. C\u2019est uniquement pour votre confort afin de ne pas avoir \u00e0 saisir ces informations si vous d\u00e9posez un autre commentaire plus tard. Ces cookies expirent au bout d\u2019un an.<\/p>\n<p>Si vous avez un compte et que vous vous connectez sur ce site, un cookie temporaire sera cr\u00e9\u00e9 afin de d\u00e9terminer si votre navigateur accepte les cookies. Il ne contient pas de donn\u00e9es personnelles et sera supprim\u00e9 automatiquement \u00e0 la fermeture de votre navigateur.<\/p>\n<p>Lorsque vous vous connecterez, nous mettrons en place un certain nombre de cookies pour enregistrer vos informations de connexion et vos pr\u00e9f\u00e9rences d\u2019\u00e9cran. La dur\u00e9e de vie d\u2019un cookie de connexion est de deux jours, celle d\u2019un cookie d\u2019option d\u2019\u00e9cran est d\u2019un an. Si vous cochez \u00ab\u00a0Se souvenir de moi\u00a0\u00bb, votre cookie de connexion sera conserv\u00e9 pendant deux semaines. Si vous vous d\u00e9connectez de votre compte, le cookie de connexion sera effac\u00e9.<\/p>\n<p>En modifiant ou en publiant un article, un cookie suppl\u00e9mentaire sera enregistr\u00e9 dans votre navigateur. Ce cookie ne comprend aucune donn\u00e9e personnelle. Il indique simplement l\u2019identifiant de l\u2019article que vous venez de modifier. Il expire au bout d\u2019un jour.<\/p>\n<h3>Contenu embarqu\u00e9 depuis d\u2019autres sites<\/h3>\n<p>Les articles de ce site peuvent inclure des contenus int\u00e9gr\u00e9s (par exemple des vid\u00e9os). Le contenu int\u00e9gr\u00e9 depuis d\u2019autres sites se comporte de la m\u00eame mani\u00e8re que si le visiteur se rendait sur cet autre site.<\/p>\n<p>Ces sites web pourraient collecter des donn\u00e9es sur vous, utiliser des cookies, embarquer des outils de suivis tiers, suivre vos interactions avec ces contenus embarqu\u00e9s si vous disposez d\u2019un compte connect\u00e9 sur leur site web.<\/p>\n<h2>Utilisation et transmission de vos donn\u00e9es personnelles<\/h2>\n<h2>Dur\u00e9es de stockage de vos donn\u00e9es<\/h2>\n<p>Si vous laissez un commentaire, le commentaire et ses m\u00e9tadonn\u00e9es sont conserv\u00e9s ind\u00e9finiment. Cela permet de reconna\u00eetre et approuver automatiquement les commentaires suivants au lieu de les laisser dans la file de mod\u00e9ration.<\/p>\n<h2>Les droits que vous avez sur vos donn\u00e9es<\/h2>\n<p>Vous pouvez demander la suppression des donn\u00e9es personnelles vous concernant. Cela ne prend pas en compte les donn\u00e9es stock\u00e9es \u00e0 des fins l\u00e9gales ou pour des raisons de s\u00e9curit\u00e9.<\/p>\n<h2>Informations de contact<\/h2>\n<p><a href=\"mailto:lentilly.kouila@free.fr\"><b>lentilly.kouila@free.fr<\/b><\/a><\/p>\n<h3><\/h3>\n","protected":false},"excerpt":{"rendered":"<p>Qui sommes-nous\u00a0? L\u2019adresse de notre site Web est\u00a0: http:\/\/cooperationlentillykouila.org. Utilisation des donn\u00e9es personnelles collect\u00e9es Commentaires Quand vous laissez un commentaire sur notre site web, les donn\u00e9es sont inscrites dans le formulaire de commentaire. Formulaires de [&hellip;]<\/p>\n","protected":false},"author":2,"featured_media":0,"parent":0,"menu_order":0,"comment_status":"closed","ping_status":"closed","template":"","meta":{"_acf_changed":false,"footnotes":""},"class_list":["post-487","page","type-page","status-publish","hentry"],"acf":[],"yoast_head":"<!-- This site is optimized with the Yoast SEO plugin v27.5 - https:\/\/yoast.com\/product\/yoast-seo-wordpress\/ -->\n<title>Politique de confidentialit\u00e9 - Coop\u00e9ration Lentilly Kouila<\/title>\n<meta name=\"robots\" content=\"index, follow, max-snippet:-1, max-image-preview:large, max-video-preview:-1\" \/>\n<link rel=\"canonical\" href=\"https:\/\/cooperationlentillykouila.org\/?page_id=487\" \/>\n<meta property=\"og:locale\" content=\"fr_FR\" \/>\n<meta property=\"og:type\" content=\"article\" \/>\n<meta property=\"og:title\" content=\"Politique de confidentialit\u00e9 - Coop\u00e9ration Lentilly Kouila\" \/>\n<meta property=\"og:description\" content=\"Qui sommes-nous\u00a0? L\u2019adresse de notre site Web est\u00a0: http:\/\/cooperationlentillykouila.org. Utilisation des donn\u00e9es personnelles collect\u00e9es Commentaires Quand vous laissez un commentaire sur notre site web, les donn\u00e9es sont inscrites dans le formulaire de commentaire. Formulaires de [&hellip;]\" \/>\n<meta property=\"og:url\" content=\"https:\/\/cooperationlentillykouila.org\/?page_id=487\" \/>\n<meta property=\"og:site_name\" content=\"Coop\u00e9ration Lentilly Kouila\" \/>\n<meta property=\"article:modified_time\" content=\"2019-03-07T20:06:16+00:00\" \/>\n<meta name=\"twitter:card\" content=\"summary_large_image\" \/>\n<meta name=\"twitter:label1\" content=\"Dur\u00e9e de lecture est.\" \/>\n\t<meta name=\"twitter:data1\" content=\"2 minutes\" \/>\n<script type=\"application\/ld+json\" class=\"yoast-schema-graph\">{\"@context\":\"https:\\\/\\\/schema.org\",\"@graph\":[{\"@type\":\"WebPage\",\"@id\":\"https:\\\/\\\/cooperationlentillykouila.org\\\/?page_id=487\",\"url\":\"https:\\\/\\\/cooperationlentillykouila.org\\\/?page_id=487\",\"name\":\"Politique de confidentialit\u00e9 - Coop\u00e9ration Lentilly Kouila\",\"isPartOf\":{\"@id\":\"https:\\\/\\\/cooperationlentillykouila.org\\\/#website\"},\"datePublished\":\"2018-06-16T20:11:43+00:00\",\"dateModified\":\"2019-03-07T20:06:16+00:00\",\"breadcrumb\":{\"@id\":\"https:\\\/\\\/cooperationlentillykouila.org\\\/?page_id=487#breadcrumb\"},\"inLanguage\":\"fr-BE\",\"potentialAction\":[{\"@type\":\"ReadAction\",\"target\":[\"https:\\\/\\\/cooperationlentillykouila.org\\\/?page_id=487\"]}]},{\"@type\":\"BreadcrumbList\",\"@id\":\"https:\\\/\\\/cooperationlentillykouila.org\\\/?page_id=487#breadcrumb\",\"itemListElement\":[{\"@type\":\"ListItem\",\"position\":1,\"name\":\"Home\",\"item\":\"https:\\\/\\\/cooperationlentillykouila.org\\\/\"},{\"@type\":\"ListItem\",\"position\":2,\"name\":\"Politique de confidentialit\u00e9\"}]},{\"@type\":\"WebSite\",\"@id\":\"https:\\\/\\\/cooperationlentillykouila.org\\\/#website\",\"url\":\"https:\\\/\\\/cooperationlentillykouila.org\\\/\",\"name\":\"Coop\u00e9ration Lentilly Kouila\",\"description\":\"\",\"potentialAction\":[{\"@type\":\"SearchAction\",\"target\":{\"@type\":\"EntryPoint\",\"urlTemplate\":\"https:\\\/\\\/cooperationlentillykouila.org\\\/?s={search_term_string}\"},\"query-input\":{\"@type\":\"PropertyValueSpecification\",\"valueRequired\":true,\"valueName\":\"search_term_string\"}}],\"inLanguage\":\"fr-BE\"}]}<\/script>\n<!-- \/ Yoast SEO plugin. -->","yoast_head_json":{"title":"Politique de confidentialit\u00e9 - Coop\u00e9ration Lentilly Kouila","robots":{"index":"index","follow":"follow","max-snippet":"max-snippet:-1","max-image-preview":"max-image-preview:large","max-video-preview":"max-video-preview:-1"},"canonical":"https:\/\/cooperationlentillykouila.org\/?page_id=487","og_locale":"fr_FR","og_type":"article","og_title":"Politique de confidentialit\u00e9 - Coop\u00e9ration Lentilly Kouila","og_description":"Qui sommes-nous\u00a0? L\u2019adresse de notre site Web est\u00a0: http:\/\/cooperationlentillykouila.org. Utilisation des donn\u00e9es personnelles collect\u00e9es Commentaires Quand vous laissez un commentaire sur notre site web, les donn\u00e9es sont inscrites dans le formulaire de commentaire. Formulaires de [&hellip;]","og_url":"https:\/\/cooperationlentillykouila.org\/?page_id=487","og_site_name":"Coop\u00e9ration Lentilly Kouila","article_modified_time":"2019-03-07T20:06:16+00:00","twitter_card":"summary_large_image","twitter_misc":{"Dur\u00e9e de lecture est.":"2 minutes"},"schema":{"@context":"https:\/\/schema.org","@graph":[{"@type":"WebPage","@id":"https:\/\/cooperationlentillykouila.org\/?page_id=487","url":"https:\/\/cooperationlentillykouila.org\/?page_id=487","name":"Politique de confidentialit\u00e9 - Coop\u00e9ration Lentilly Kouila","isPartOf":{"@id":"https:\/\/cooperationlentillykouila.org\/#website"},"datePublished":"2018-06-16T20:11:43+00:00","dateModified":"2019-03-07T20:06:16+00:00","breadcrumb":{"@id":"https:\/\/cooperationlentillykouila.org\/?page_id=487#breadcrumb"},"inLanguage":"fr-BE","potentialAction":[{"@type":"ReadAction","target":["https:\/\/cooperationlentillykouila.org\/?page_id=487"]}]},{"@type":"BreadcrumbList","@id":"https:\/\/cooperationlentillykouila.org\/?page_id=487#breadcrumb","itemListElement":[{"@type":"ListItem","position":1,"name":"Home","item":"https:\/\/cooperationlentillykouila.org\/"},{"@type":"ListItem","position":2,"name":"Politique de confidentialit\u00e9"}]},{"@type":"WebSite","@id":"https:\/\/cooperationlentillykouila.org\/#website","url":"https:\/\/cooperationlentillykouila.org\/","name":"Coop\u00e9ration Lentilly Kouila","description":"","potentialAction":[{"@type":"SearchAction","target":{"@type":"EntryPoint","urlTemplate":"https:\/\/cooperationlentillykouila.org\/?s={search_term_string}"},"query-input":{"@type":"PropertyValueSpecification","valueRequired":true,"valueName":"search_term_string"}}],"inLanguage":"fr-BE"}]}},"_links":{"self":[{"href":"https:\/\/cooperationlentillykouila.org\/index.php?rest_route=\/wp\/v2\/pages\/487","targetHints":{"allow":["GET"]}}],"collection":[{"href":"https:\/\/cooperationlentillykouila.org\/index.php?rest_route=\/wp\/v2\/pages"}],"about":[{"href":"https:\/\/cooperationlentillykouila.org\/index.php?rest_route=\/wp\/v2\/types\/page"}],"author":[{"embeddable":true,"href":"https:\/\/cooperationlentillykouila.org\/index.php?rest_route=\/wp\/v2\/users\/2"}],"replies":[{"embeddable":true,"href":"https:\/\/cooperationlentillykouila.org\/index.php?rest_route=%2Fwp%2Fv2%2Fcomments&post=487"}],"version-history":[{"count":3,"href":"https:\/\/cooperationlentillykouila.org\/index.php?rest_route=\/wp\/v2\/pages\/487\/revisions"}],"predecessor-version":[{"id":631,"href":"https:\/\/cooperationlentillykouila.org\/index.php?rest_route=\/wp\/v2\/pages\/487\/revisions\/631"}],"wp:attachment":[{"href":"https:\/\/cooperationlentillykouila.org\/index.php?rest_route=%2Fwp%2Fv2%2Fmedia&parent=487"}],"curies":[{"name":"wp","href":"https:\/\/api.w.org\/{rel}","templated":true}]}}