{"id":150,"date":"2015-08-25T13:05:09","date_gmt":"2015-08-25T13:05:09","guid":{"rendered":"http:\/\/cooperationlentillykouila.org\/?page_id=150"},"modified":"2021-02-06T15:31:03","modified_gmt":"2021-02-06T15:31:03","slug":"parrainage-de-la-cantine-de-kouila-ziniare","status":"publish","type":"page","link":"https:\/\/cooperationlentillykouila.org\/?page_id=150","title":{"rendered":"Parrainez les cantines des \u00e9coles primaires de Kouila"},"content":{"rendered":"<p>Depuis 2010, la Coop\u00e9ration Lentilly-Kouila participe au financement de la cantine scolaire.<\/p>\n<p>En 2019, le soutien de l&rsquo;association permet de financer trois cantines scolaires :<\/p>\n<ul style=\"list-style-type: disc;\">\n<li>Ecole de Kouila \u00a0 : 330 enfants ;<\/li>\n<li>Ecole de l&rsquo;Amiti\u00e9 : 282 enfants ;<\/li>\n<li>Ecole de Oubri Yaoghin : 370 enfants.<\/li>\n<\/ul>\n<p>Chaque jour, pr\u00e8s de 1.000 enfants b\u00e9n\u00e9ficient d&rsquo;un plat compos\u00e9 essentiellement de riz et d&rsquo;haricots secs.<\/p>\n<p>Le financement de la cantine permet :<\/p>\n<ul>\n<li>d&rsquo;acheter du mil, du sorgho, du riz, des haricots secs et de l&rsquo;huile qui sont servis \u00e0 midi par des b\u00e9n\u00e9voles ;<\/li>\n<li>de financer les semences pour le jardin collectif, entretenu par les \u00e9l\u00e8ves.<\/li>\n<\/ul>\n<p>Par principe, les parents des \u00e9l\u00e8ves restent soumis \u00e0 contribution.<\/p>\n<p>Les b\u00e9n\u00e9voles constatent \u00e0 travers le temps, une hausse de la scolarisation (notamment chez les filles) mais \u00e9galement une am\u00e9lioration de la sant\u00e9 des enfants et donc de leur r\u00e9sultats scolaires. N\u00e9anmoins, la situation ne\u0301cessite un soutien renouvel\u00e9 afin de continuer a\u0300 assurer aux enfants au moins un repas e\u0301quilibre\u0301 par jour.<\/p>\n<p>Pour participer, il vous suffit de vous rendre sur \u00a0la page suivante :<\/p>\n<p><strong>Les enfants des \u00e9coles vous remercient de votre soutien !<\/strong><\/p>\n<hr \/>\n<hr \/>\n<p style=\"text-align: center;\">\n","protected":false},"excerpt":{"rendered":"<p>Depuis 2010, la Coop\u00e9ration Lentilly-Kouila participe au financement de la cantine scolaire. En 2019, le soutien de l&rsquo;association permet de financer trois cantines scolaires : Ecole de Kouila \u00a0 : 330 enfants ; Ecole de [&hellip;]<\/p>\n","protected":false},"author":1,"featured_media":59,"parent":56,"menu_order":0,"comment_status":"closed","ping_status":"closed","template":"page-fullwidth.php","meta":{"_acf_changed":false,"footnotes":""},"class_list":["post-150","page","type-page","status-publish","has-post-thumbnail","hentry"],"acf":[],"yoast_head":"<!-- This site is optimized with the Yoast SEO plugin v27.5 - https:\/\/yoast.com\/product\/yoast-seo-wordpress\/ -->\n<title>Parrainez les cantines des \u00e9coles primaires de Kouila - Coop\u00e9ration Lentilly Kouila<\/title>\n<meta name=\"robots\" content=\"index, follow, max-snippet:-1, max-image-preview:large, max-video-preview:-1\" \/>\n<link rel=\"canonical\" href=\"https:\/\/cooperationlentillykouila.org\/?page_id=150\" \/>\n<meta property=\"og:locale\" content=\"fr_FR\" \/>\n<meta property=\"og:type\" content=\"article\" \/>\n<meta property=\"og:title\" content=\"Parrainez les cantines des \u00e9coles primaires de Kouila - Coop\u00e9ration Lentilly Kouila\" \/>\n<meta property=\"og:description\" content=\"Depuis 2010, la Coop\u00e9ration Lentilly-Kouila participe au financement de la cantine scolaire. En 2019, le soutien de l&rsquo;association permet de financer trois cantines scolaires : Ecole de Kouila \u00a0 : 330 enfants ; Ecole de [&hellip;]\" \/>\n<meta property=\"og:url\" content=\"https:\/\/cooperationlentillykouila.org\/?page_id=150\" \/>\n<meta property=\"og:site_name\" content=\"Coop\u00e9ration Lentilly Kouila\" \/>\n<meta property=\"article:modified_time\" content=\"2021-02-06T15:31:03+00:00\" \/>\n<meta property=\"og:image\" content=\"https:\/\/cooperationlentillykouila.org\/wp-content\/uploads\/2015\/08\/cantine4-e1440490510685.jpg\" \/>\n\t<meta property=\"og:image:width\" content=\"1124\" \/>\n\t<meta property=\"og:image:height\" content=\"843\" \/>\n\t<meta property=\"og:image:type\" content=\"image\/jpeg\" \/>\n<meta name=\"twitter:card\" content=\"summary_large_image\" \/>\n<meta name=\"twitter:label1\" content=\"Dur\u00e9e de lecture est.\" \/>\n\t<meta name=\"twitter:data1\" content=\"1 minute\" \/>\n<script type=\"application\/ld+json\" class=\"yoast-schema-graph\">{\"@context\":\"https:\\\/\\\/schema.org\",\"@graph\":[{\"@type\":\"WebPage\",\"@id\":\"https:\\\/\\\/cooperationlentillykouila.org\\\/?page_id=150\",\"url\":\"https:\\\/\\\/cooperationlentillykouila.org\\\/?page_id=150\",\"name\":\"Parrainez les cantines des \u00e9coles primaires de Kouila - Coop\u00e9ration Lentilly Kouila\",\"isPartOf\":{\"@id\":\"https:\\\/\\\/cooperationlentillykouila.org\\\/#website\"},\"primaryImageOfPage\":{\"@id\":\"https:\\\/\\\/cooperationlentillykouila.org\\\/?page_id=150#primaryimage\"},\"image\":{\"@id\":\"https:\\\/\\\/cooperationlentillykouila.org\\\/?page_id=150#primaryimage\"},\"thumbnailUrl\":\"https:\\\/\\\/cooperationlentillykouila.org\\\/wp-content\\\/uploads\\\/2015\\\/08\\\/cantine4-e1440490510685.jpg\",\"datePublished\":\"2015-08-25T13:05:09+00:00\",\"dateModified\":\"2021-02-06T15:31:03+00:00\",\"breadcrumb\":{\"@id\":\"https:\\\/\\\/cooperationlentillykouila.org\\\/?page_id=150#breadcrumb\"},\"inLanguage\":\"fr-BE\",\"potentialAction\":[{\"@type\":\"ReadAction\",\"target\":[\"https:\\\/\\\/cooperationlentillykouila.org\\\/?page_id=150\"]}]},{\"@type\":\"ImageObject\",\"inLanguage\":\"fr-BE\",\"@id\":\"https:\\\/\\\/cooperationlentillykouila.org\\\/?page_id=150#primaryimage\",\"url\":\"https:\\\/\\\/cooperationlentillykouila.org\\\/wp-content\\\/uploads\\\/2015\\\/08\\\/cantine4-e1440490510685.jpg\",\"contentUrl\":\"https:\\\/\\\/cooperationlentillykouila.org\\\/wp-content\\\/uploads\\\/2015\\\/08\\\/cantine4-e1440490510685.jpg\",\"width\":1124,\"height\":843},{\"@type\":\"BreadcrumbList\",\"@id\":\"https:\\\/\\\/cooperationlentillykouila.org\\\/?page_id=150#breadcrumb\",\"itemListElement\":[{\"@type\":\"ListItem\",\"position\":1,\"name\":\"Home\",\"item\":\"https:\\\/\\\/cooperationlentillykouila.org\\\/\"},{\"@type\":\"ListItem\",\"position\":2,\"name\":\"Participez !\",\"item\":\"https:\\\/\\\/cooperationlentillykouila.org\\\/?page_id=56\"},{\"@type\":\"ListItem\",\"position\":3,\"name\":\"Parrainez les cantines des \u00e9coles primaires de Kouila\"}]},{\"@type\":\"WebSite\",\"@id\":\"https:\\\/\\\/cooperationlentillykouila.org\\\/#website\",\"url\":\"https:\\\/\\\/cooperationlentillykouila.org\\\/\",\"name\":\"Coop\u00e9ration Lentilly Kouila\",\"description\":\"\",\"potentialAction\":[{\"@type\":\"SearchAction\",\"target\":{\"@type\":\"EntryPoint\",\"urlTemplate\":\"https:\\\/\\\/cooperationlentillykouila.org\\\/?s={search_term_string}\"},\"query-input\":{\"@type\":\"PropertyValueSpecification\",\"valueRequired\":true,\"valueName\":\"search_term_string\"}}],\"inLanguage\":\"fr-BE\"}]}<\/script>\n<!-- \/ Yoast SEO plugin. -->","yoast_head_json":{"title":"Parrainez les cantines des \u00e9coles primaires de Kouila - Coop\u00e9ration Lentilly Kouila","robots":{"index":"index","follow":"follow","max-snippet":"max-snippet:-1","max-image-preview":"max-image-preview:large","max-video-preview":"max-video-preview:-1"},"canonical":"https:\/\/cooperationlentillykouila.org\/?page_id=150","og_locale":"fr_FR","og_type":"article","og_title":"Parrainez les cantines des \u00e9coles primaires de Kouila - Coop\u00e9ration Lentilly Kouila","og_description":"Depuis 2010, la Coop\u00e9ration Lentilly-Kouila participe au financement de la cantine scolaire. En 2019, le soutien de l&rsquo;association permet de financer trois cantines scolaires : Ecole de Kouila \u00a0 : 330 enfants ; Ecole de [&hellip;]","og_url":"https:\/\/cooperationlentillykouila.org\/?page_id=150","og_site_name":"Coop\u00e9ration Lentilly Kouila","article_modified_time":"2021-02-06T15:31:03+00:00","og_image":[{"width":1124,"height":843,"url":"https:\/\/cooperationlentillykouila.org\/wp-content\/uploads\/2015\/08\/cantine4-e1440490510685.jpg","type":"image\/jpeg"}],"twitter_card":"summary_large_image","twitter_misc":{"Dur\u00e9e de lecture est.":"1 minute"},"schema":{"@context":"https:\/\/schema.org","@graph":[{"@type":"WebPage","@id":"https:\/\/cooperationlentillykouila.org\/?page_id=150","url":"https:\/\/cooperationlentillykouila.org\/?page_id=150","name":"Parrainez les cantines des \u00e9coles primaires de Kouila - Coop\u00e9ration Lentilly Kouila","isPartOf":{"@id":"https:\/\/cooperationlentillykouila.org\/#website"},"primaryImageOfPage":{"@id":"https:\/\/cooperationlentillykouila.org\/?page_id=150#primaryimage"},"image":{"@id":"https:\/\/cooperationlentillykouila.org\/?page_id=150#primaryimage"},"thumbnailUrl":"https:\/\/cooperationlentillykouila.org\/wp-content\/uploads\/2015\/08\/cantine4-e1440490510685.jpg","datePublished":"2015-08-25T13:05:09+00:00","dateModified":"2021-02-06T15:31:03+00:00","breadcrumb":{"@id":"https:\/\/cooperationlentillykouila.org\/?page_id=150#breadcrumb"},"inLanguage":"fr-BE","potentialAction":[{"@type":"ReadAction","target":["https:\/\/cooperationlentillykouila.org\/?page_id=150"]}]},{"@type":"ImageObject","inLanguage":"fr-BE","@id":"https:\/\/cooperationlentillykouila.org\/?page_id=150#primaryimage","url":"https:\/\/cooperationlentillykouila.org\/wp-content\/uploads\/2015\/08\/cantine4-e1440490510685.jpg","contentUrl":"https:\/\/cooperationlentillykouila.org\/wp-content\/uploads\/2015\/08\/cantine4-e1440490510685.jpg","width":1124,"height":843},{"@type":"BreadcrumbList","@id":"https:\/\/cooperationlentillykouila.org\/?page_id=150#breadcrumb","itemListElement":[{"@type":"ListItem","position":1,"name":"Home","item":"https:\/\/cooperationlentillykouila.org\/"},{"@type":"ListItem","position":2,"name":"Participez !","item":"https:\/\/cooperationlentillykouila.org\/?page_id=56"},{"@type":"ListItem","position":3,"name":"Parrainez les cantines des \u00e9coles primaires de Kouila"}]},{"@type":"WebSite","@id":"https:\/\/cooperationlentillykouila.org\/#website","url":"https:\/\/cooperationlentillykouila.org\/","name":"Coop\u00e9ration Lentilly Kouila","description":"","potentialAction":[{"@type":"SearchAction","target":{"@type":"EntryPoint","urlTemplate":"https:\/\/cooperationlentillykouila.org\/?s={search_term_string}"},"query-input":{"@type":"PropertyValueSpecification","valueRequired":true,"valueName":"search_term_string"}}],"inLanguage":"fr-BE"}]}},"_links":{"self":[{"href":"https:\/\/cooperationlentillykouila.org\/index.php?rest_route=\/wp\/v2\/pages\/150","targetHints":{"allow":["GET"]}}],"collection":[{"href":"https:\/\/cooperationlentillykouila.org\/index.php?rest_route=\/wp\/v2\/pages"}],"about":[{"href":"https:\/\/cooperationlentillykouila.org\/index.php?rest_route=\/wp\/v2\/types\/page"}],"author":[{"embeddable":true,"href":"https:\/\/cooperationlentillykouila.org\/index.php?rest_route=\/wp\/v2\/users\/1"}],"replies":[{"embeddable":true,"href":"https:\/\/cooperationlentillykouila.org\/index.php?rest_route=%2Fwp%2Fv2%2Fcomments&post=150"}],"version-history":[{"count":18,"href":"https:\/\/cooperationlentillykouila.org\/index.php?rest_route=\/wp\/v2\/pages\/150\/revisions"}],"predecessor-version":[{"id":844,"href":"https:\/\/cooperationlentillykouila.org\/index.php?rest_route=\/wp\/v2\/pages\/150\/revisions\/844"}],"up":[{"embeddable":true,"href":"https:\/\/cooperationlentillykouila.org\/index.php?rest_route=\/wp\/v2\/pages\/56"}],"wp:featuredmedia":[{"embeddable":true,"href":"https:\/\/cooperationlentillykouila.org\/index.php?rest_route=\/wp\/v2\/media\/59"}],"wp:attachment":[{"href":"https:\/\/cooperationlentillykouila.org\/index.php?rest_route=%2Fwp%2Fv2%2Fmedia&parent=150"}],"curies":[{"name":"wp","href":"https:\/\/api.w.org\/{rel}","templated":true}]}}